{"id":2383,"date":"2020-09-27T15:07:05","date_gmt":"2020-09-27T15:07:05","guid":{"rendered":"https:\/\/the7.io\/elementor-agency\/?page_id=2383"},"modified":"2023-07-02T17:46:00","modified_gmt":"2023-07-02T17:46:00","slug":"impressum","status":"publish","type":"page","link":"https:\/\/ez-marketing.de\/?page_id=2383","title":{"rendered":"Impressum"},"content":{"rendered":"\t\t<div data-elementor-type=\"wp-page\" data-elementor-id=\"2383\" class=\"elementor elementor-2383\" data-elementor-post-type=\"page\">\n\t\t\t\t\t\t\t\t\t<section class=\"elementor-section elementor-top-section elementor-element elementor-element-b265203 elementor-section-boxed elementor-section-height-default elementor-section-height-default\" data-id=\"b265203\" data-element_type=\"section\">\n\t\t\t\t\t\t<div class=\"elementor-container elementor-column-gap-wider\">\n\t\t\t\t\t<div class=\"elementor-column elementor-col-100 elementor-top-column elementor-element elementor-element-37443ca\" data-id=\"37443ca\" data-element_type=\"column\">\n\t\t\t<div class=\"elementor-widget-wrap elementor-element-populated\">\n\t\t\t\t\t\t\t\t<div class=\"elementor-element elementor-element-a6bdec6 elementor-widget elementor-widget-text-editor\" data-id=\"a6bdec6\" data-element_type=\"widget\" data-widget_type=\"text-editor.default\">\n\t\t\t\t<div class=\"elementor-widget-container\">\n\t\t\t\t\t\t\t<p>Dieses Impressum gilt f\u00fcr die Seite www.ez-marketing.de, www.effizient-marketing.de, www.eundz-marketing.de, sowie aller dazugeh\u00f6rigen Subdomains \/ Third-Level-Domains. Dar\u00fcber hinaus besitzt dieses Impressum G\u00fcltigkeit f\u00fcr die betriebsverwandten Kan\u00e4le auf Facebook, Google, Instagram, LinkedIn und YouTube.<\/p><hr class=\"the7-p-gap\" style=\"padding-bottom: 40px;\" \/><h2>EZ-Marketing<\/h2><p>Nicolas Wesseler<br \/>Oberg\u00fcnne 24<br \/>58256 Ennepetal<br \/>Deutschland<br \/>Telefon: 02333 \/ 60 93 56<br \/>E-Mail: info@ez-marketing.de<br \/>Web: www.ez-marketing.de<\/p><p>Vertretungsberechtigter Gesch\u00e4ftsf\u00fchrer: Nicolas Wesseler<br \/>Amtsgericht: Schwelm<br \/>Umsatzsteuer-Identifikationsnummer: DE340520271<\/p><hr class=\"the7-p-gap\" style=\"padding-bottom: 40px;\" \/><h2>Haftung f\u00fcr externe Links<\/h2><p>Unser Angebot enth\u00e4lt m\u00f6glicherweise beziehungsweise zeitweise Links zu externen Websites Dritter, auf deren Inhalte wir keinen Einfluss haben. Deshalb k\u00f6nnen wir f\u00fcr diese fremden Inhalte auch keine Gew\u00e4hr \u00fcbernehmen. F\u00fcr die Inhalte der verlinkten Seiten ist stets der jeweilige Anbieter oder Betreiber der Seiten verantwortlich. Die verlinkten Seiten wurden zum Zeitpunkt der Verlinkung auf m\u00f6gliche Rechtsverst\u00f6\u00dfe \u00fcberpr\u00fcft. Rechtswidrige Inhalte waren zum Zeitpunkt der Verlinkung nicht erkennbar. Eine permanente inhaltliche Kontrolle der verlinkten Seiten ist jedoch ohne konkrete Anhaltspunkte einer Rechtsverletzung nicht zumutbar. Bei Bekanntwerden von Rechtsverletzungen werden wir derartige Links umgehend entfernen.<\/p><hr class=\"the7-p-gap\" style=\"padding-bottom: 40px;\" \/><h2>Urheberrecht<\/h2><p>Die durch die Seitenbetreiber erstellten Inhalte und Werke auf diesen Seiten unterliegen dem deutschen Urheberrecht. Die Vervielf\u00e4ltigung, Bearbeitung, Verbreitung und jede Art der Verwertung au\u00dferhalb der Grenzen des Urheberrechtes bed\u00fcrfen der schriftlichen Zustimmung des Urhebers.<\/p><hr class=\"the7-p-gap\" style=\"padding-bottom: 40px;\" \/><h2>Inhaltlich Verantwortlicher<\/h2><p>Nicolas Wesseler<br \/>Oberg\u00fcnne 24<br \/>58256 Ennepetal<br \/>E-Mail: info@ez-marketing.de<\/p><p>Bildquellen: www.pixabay.com, www.pexels.com, www.unsplash.com, www.stock.adobe.com und weitere.<\/p><hr class=\"the7-p-gap\" style=\"padding-bottom: 40px;\" \/><h2>Ansprechpartner f\u00fcr den Datenschutz<\/h2><p>Nicolas Wesseler<br \/>Oberg\u00fcnne 24<br \/>58256 Ennepetal<br \/>E-Mail: info@ez-marketing.de<\/p><p>Die Europ\u00e4ische Kommission stellt eine Plattform zur Online-Streitbeilegung (OS) bereit:\u00a0<a href=\"https:\/\/webgate.ec.europa.eu\/odr\/main\/index.cfm?event=main.home.chooseLanguage\">http:\/\/ec.europa.eu\/consumers\/odr<\/a><br \/>Wir sind nicht bereit oder verpflichtet, an Streitbeilegungsverfahren vor einer Verbraucherschlichtungsstelle teilzunehmen.<\/p><hr class=\"the7-p-gap\" style=\"padding-bottom: 40px;\" \/><p>Die Nutzung dieser Seiten erfolgt auf eigenes Risiko. Eine Haftung oder Gew\u00e4hrleistung f\u00fcr Inanspruchnahme unserer Dienste und Inhalte oder deren Verf\u00fcgbarkeit wird nicht \u00fcbernommen. Gem\u00e4\u00df \u00a7 7 Abs.1 TMG sind wir ausschlie\u00dflich nur f\u00fcr die eigenen Inhalte verantwortlich. F\u00fcr Links auf fremde Inhalte dritter Anbieter sind wir gem\u00e4\u00df \u00a7 7 Abs.2 TMG nur verantwortlich, wenn wir von einem rechtswidrigen oder strafbaren Gehalt positive Kenntnis haben und es technisch m\u00f6glich und zumutbar ist, deren Nutzung zu verhindern. Auch sind wir nicht verpflichtet, in periodischen Abst\u00e4nden den Inhalt von Angeboten Dritter auf deren Rechtswidrigkeit oder Strafbarkeit zu \u00fcberpr\u00fcfen. Sobald wir von dem rechtswidrigen Inhalt der Web-Seiten Dritter erfahren, wird der entsprechende Link von unserer Seite entfernt. Weiterhin m\u00f6chten wir ausdr\u00fccklich betonen, dass wir keinerlei Einfluss auf die Gestaltung und die Inhalte der gelinkten Seiten haben. Deshalb distanzieren wir uns hiermit ausdr\u00fccklich von allen Inhalten aller gelinkten Seiten auf der gesamten Website inkl. aller Unterseiten. Diese Erkl\u00e4rung gilt f\u00fcr alle auf der Homepage ausgebrachten Links und f\u00fcr alle Inhalte der Seiten, zu denen Links oder Banner f\u00fchren. Sollten Inhalte dieser Internetangebote gegen geltendes Urheberrecht oder das Markengesetz versto\u00dfen, werden diese auf Hinweis schnellstm\u00f6glich entfernt. Wir \u00fcbernehmen au\u00dferdem keine Gew\u00e4hr f\u00fcr Inhalte in den Bereichen, in denen von Usern automatische Eintragungen vorgenommen werden k\u00f6nnen (Foren, G\u00e4steb\u00fccher). Sollten Sie Inhalte entdecken, die gegen Gesetze versto\u00dfen oder in denen irgendwelche Rechte Dritter verletzt sind, informieren Sie uns bitte sofort per Email, damit wir diese Inhalte bis zur Kl\u00e4rung des Sachverhalts sperren.<\/p><hr class=\"the7-p-gap\" style=\"padding-bottom: 40px;\" data-wp-editing=\"1\" \/><h2>Abmahnung<\/h2><p>Sollten Sie als Anwalt oder Mitbewerber ein Problem mit unserer Website haben (z.B. Verletzung der Rechte Dritter oder Verletzung gesetzlicher Bestimmungen), so bitten wir Sie, sich vor einer Abmahnung oder \u00e4hnlichem, telefonisch \/ per Email mit uns in Verbindung zu setzen. Wir garantieren, dass zu Recht beanstandete Inhalte entsprechend ge\u00e4ndert\/entfernt werden, ohne dass die Einschaltung eines Rechtsbeistandes oder Rechtsanwaltes erforderlich ist. Bei ungerechtfertigten Abmahnungen oder \u00e4hnlichem wird von uns unverz\u00fcglich eine negative Feststellungsklage erhoben.<\/p>\t\t\t\t\t\t<\/div>\n\t\t\t\t<\/div>\n\t\t\t\t\t<\/div>\n\t\t<\/div>\n\t\t\t\t\t\t\t<\/div>\n\t\t<\/section>\n\t\t\t\t\t\t\t<\/div>\n\t\t","protected":false},"excerpt":{"rendered":"<p>Dieses Impressum gilt f\u00fcr die Seite www.ez-marketing.de, www.effizient-marketing.de, www.eundz-marketing.de, sowie aller dazugeh\u00f6rigen Subdomains \/ Third-Level-Domains. Dar\u00fcber hinaus besitzt dieses Impressum G\u00fcltigkeit f\u00fcr die betriebsverwandten Kan\u00e4le auf Facebook, Google, Instagram, LinkedIn und YouTube. EZ-Marketing Nicolas WesselerOberg\u00fcnne 2458256 EnnepetalDeutschlandTelefon: 02333 \/ 60 93 56E-Mail: info@ez-marketing.deWeb: www.ez-marketing.de Vertretungsberechtigter Gesch\u00e4ftsf\u00fchrer: Nicolas WesselerAmtsgericht: SchwelmUmsatzsteuer-Identifikationsnummer: DE340520271 Haftung f\u00fcr externe Links Unser&hellip;<\/p>\n","protected":false},"author":1,"featured_media":0,"parent":0,"menu_order":0,"comment_status":"closed","ping_status":"closed","template":"","meta":{"inline_featured_image":false},"_links":{"self":[{"href":"https:\/\/ez-marketing.de\/index.php?rest_route=\/wp\/v2\/pages\/2383"}],"collection":[{"href":"https:\/\/ez-marketing.de\/index.php?rest_route=\/wp\/v2\/pages"}],"about":[{"href":"https:\/\/ez-marketing.de\/index.php?rest_route=\/wp\/v2\/types\/page"}],"author":[{"embeddable":true,"href":"https:\/\/ez-marketing.de\/index.php?rest_route=\/wp\/v2\/users\/1"}],"replies":[{"embeddable":true,"href":"https:\/\/ez-marketing.de\/index.php?rest_route=%2Fwp%2Fv2%2Fcomments&post=2383"}],"version-history":[{"count":4,"href":"https:\/\/ez-marketing.de\/index.php?rest_route=\/wp\/v2\/pages\/2383\/revisions"}],"predecessor-version":[{"id":6347,"href":"https:\/\/ez-marketing.de\/index.php?rest_route=\/wp\/v2\/pages\/2383\/revisions\/6347"}],"wp:attachment":[{"href":"https:\/\/ez-marketing.de\/index.php?rest_route=%2Fwp%2Fv2%2Fmedia&parent=2383"}],"curies":[{"name":"wp","href":"https:\/\/api.w.org\/{rel}","templated":true}]}}