{"id":2385,"date":"2020-09-27T15:07:34","date_gmt":"2020-09-27T15:07:34","guid":{"rendered":"https:\/\/the7.io\/elementor-agency\/?page_id=2385"},"modified":"2023-07-02T17:59:28","modified_gmt":"2023-07-02T17:59:28","slug":"agb","status":"publish","type":"page","link":"https:\/\/ez-marketing.de\/?page_id=2385","title":{"rendered":"Allgemeine Gesch\u00e4ftsbedingungen (AGB)"},"content":{"rendered":"\t\t<div data-elementor-type=\"wp-page\" data-elementor-id=\"2385\" class=\"elementor elementor-2385\" data-elementor-post-type=\"page\">\n\t\t\t\t\t\t\t\t\t<section class=\"elementor-section elementor-top-section elementor-element elementor-element-56c3ec3 elementor-section-boxed elementor-section-height-default elementor-section-height-default\" data-id=\"56c3ec3\" data-element_type=\"section\">\n\t\t\t\t\t\t<div class=\"elementor-container elementor-column-gap-wider\">\n\t\t\t\t\t<div class=\"elementor-column elementor-col-100 elementor-top-column elementor-element elementor-element-a45c362\" data-id=\"a45c362\" data-element_type=\"column\">\n\t\t\t<div class=\"elementor-widget-wrap elementor-element-populated\">\n\t\t\t\t\t\t\t\t<div class=\"elementor-element elementor-element-e9bcd63 elementor-widget elementor-widget-text-editor\" data-id=\"e9bcd63\" data-element_type=\"widget\" data-widget_type=\"text-editor.default\">\n\t\t\t\t<div class=\"elementor-widget-container\">\n\t\t\t\t\t\t\t<h2>1. Geltungsbereich<\/h2><p>Diese Allgemeinen Gesch\u00e4ftsbedingungen (im Folgenden &#8222;AGB&#8220;) gelten f\u00fcr alle Vertr\u00e4ge, Leistungen und Angebote zwischen EZ-Marketing (im Folgenden &#8222;Anbieter&#8220;) und seinen Kunden (im Folgenden &#8222;Kunde&#8220;) im Bereich der Erstellung, \u00dcberarbeitung und Betreuung von Internetseiten und Social Media Auftritten sowie Google Unternehmensseiten und damit ferner verwandten Dienstleistungen wie der Texterstellung und -bearbeitung.<\/p><hr class=\"the7-p-gap\" style=\"padding-bottom: 40px;\" \/><h2>2. Leistungen<\/h2><p>Der Anbieter erstellt und betreut Internetseiten und Social Media Auftritte sowie Google Unternehmensseiten f\u00fcr Kunden nach individuellen Anforderungen. Die genauen Leistungen, Preise und Zahlungsbedingungen werden in separaten Vereinbarungen oder Angeboten festgelegt.<\/p><hr class=\"the7-p-gap\" style=\"padding-bottom: 40px;\" \/><h2>3. Pflichten des Kunden<\/h2><p>Der Kunde ist verantwortlich f\u00fcr die Bereitstellung aller notwendigen Informationen, Materialien und Zugangsdaten, die f\u00fcr die Erstellung und Betreuung der Internetseiten und Social Media Auftritte ben\u00f6tigt werden. Der Kunde gew\u00e4hrleistet, dass alle bereitgestellten Informationen und Materialien nach deutscher Rechtsprechung rechtm\u00e4\u00dfig sind und keine Rechte Dritter verletzen. <\/p><hr class=\"the7-p-gap\" style=\"padding-bottom: 20px;\" \/><h2>4. Urheberrechte und Nutzungsrechte<\/h2><p>Alle Urheberrechte und geistigen Eigentumsrechte an den erstellten Internetseiten und Social Media Auftritten verbleiben beim Anbieter, sofern nichts anderes schriftlich vereinbart wurde. Der Kunde erh\u00e4lt ein nicht-ausschlie\u00dfliches, nicht \u00fcbertragbares Nutzungsrecht an den erstellten Werken f\u00fcr den vereinbarten Verwendungszweck.<\/p><hr class=\"the7-p-gap\" style=\"padding-bottom: 20px;\" \/><h2>5. Haftungsausschluss<\/h2><p>Der Anbieter haftet nicht f\u00fcr Sch\u00e4den oder Verluste, die aus der Nutzung der Internetseiten und Social Media Auftritte resultieren. Der Kunde ist f\u00fcr den Inhalt und die Aktualit\u00e4t der bereitgestellten Informationen selbst verantwortlich. Der Anbieter \u00fcbernimmt keine Gew\u00e4hrleistung f\u00fcr die fehlerfreie und ununterbrochene Verf\u00fcgbarkeit der Dienstleistungen.<\/p><hr class=\"the7-p-gap\" style=\"padding-bottom: 40px;\" \/><h2>6. Vertraulichkeit<\/h2><p>Der Anbieter verpflichtet sich, alle vom Kunden bereitgestellten Informationen vertraulich zu behandeln und nur f\u00fcr den vereinbarten Zweck zu verwenden. Eine Weitergabe an Dritte erfolgt nur mit ausdr\u00fccklicher Zustimmung des Kunden oder sofern dies gesetzlich erforderlich ist.<\/p><hr class=\"the7-p-gap\" style=\"padding-bottom: 20px;\" \/><h2>7. Datenschutz<\/h2><p>Der Anbieter beachtet die geltenden Datenschutzbestimmungen und verarbeitet personenbezogene Daten nur im Rahmen der vertraglichen Vereinbarungen oder mit Einwilligung des Kunden. N\u00e4here Informationen zur Verarbeitung personenbezogener Daten finden sich in der Datenschutzerkl\u00e4rung des Anbieters.<\/p><hr class=\"the7-p-gap\" style=\"padding-bottom: 20px;\" \/><h2>8. Schlussbestimmungen<\/h2><p>Sollten einzelne Bestimmungen dieser AGB ganz oder teilweise unwirksam sein oder werden, bleibt die Wirksamkeit der \u00fcbrigen Bestimmungen unber\u00fchrt. Anstelle der unwirksamen Bestimmungen gelten die gesetzlichen Regelungen. \u00c4nderungen oder Erg\u00e4nzungen dieser AGB bed\u00fcrfen der Schriftform. M\u00fcndliche Nebenabreden bestehen nicht. Erf\u00fcllungsort und Gerichtsstand f\u00fcr s\u00e4mtliche Streitigkeiten aus oder im Zusammenhang mit diesen AGB ist der Sitz des Anbieters, sofern nicht zwingende gesetzliche Vorschriften entgegenstehen.<\/p>\t\t\t\t\t\t<\/div>\n\t\t\t\t<\/div>\n\t\t\t\t\t<\/div>\n\t\t<\/div>\n\t\t\t\t\t\t\t<\/div>\n\t\t<\/section>\n\t\t\t\t\t\t\t<\/div>\n\t\t","protected":false},"excerpt":{"rendered":"<p>1. Geltungsbereich Diese Allgemeinen Gesch\u00e4ftsbedingungen (im Folgenden &#8222;AGB&#8220;) gelten f\u00fcr alle Vertr\u00e4ge, Leistungen und Angebote zwischen EZ-Marketing (im Folgenden &#8222;Anbieter&#8220;) und seinen Kunden (im Folgenden &#8222;Kunde&#8220;) im Bereich der Erstellung, \u00dcberarbeitung und Betreuung von Internetseiten und Social Media Auftritten sowie Google Unternehmensseiten und damit ferner verwandten Dienstleistungen wie der Texterstellung und -bearbeitung. 2. Leistungen Der&hellip;<\/p>\n","protected":false},"author":1,"featured_media":0,"parent":0,"menu_order":0,"comment_status":"closed","ping_status":"closed","template":"","meta":{"inline_featured_image":false},"_links":{"self":[{"href":"https:\/\/ez-marketing.de\/index.php?rest_route=\/wp\/v2\/pages\/2385"}],"collection":[{"href":"https:\/\/ez-marketing.de\/index.php?rest_route=\/wp\/v2\/pages"}],"about":[{"href":"https:\/\/ez-marketing.de\/index.php?rest_route=\/wp\/v2\/types\/page"}],"author":[{"embeddable":true,"href":"https:\/\/ez-marketing.de\/index.php?rest_route=\/wp\/v2\/users\/1"}],"replies":[{"embeddable":true,"href":"https:\/\/ez-marketing.de\/index.php?rest_route=%2Fwp%2Fv2%2Fcomments&post=2385"}],"version-history":[{"count":5,"href":"https:\/\/ez-marketing.de\/index.php?rest_route=\/wp\/v2\/pages\/2385\/revisions"}],"predecessor-version":[{"id":6352,"href":"https:\/\/ez-marketing.de\/index.php?rest_route=\/wp\/v2\/pages\/2385\/revisions\/6352"}],"wp:attachment":[{"href":"https:\/\/ez-marketing.de\/index.php?rest_route=%2Fwp%2Fv2%2Fmedia&parent=2385"}],"curies":[{"name":"wp","href":"https:\/\/api.w.org\/{rel}","templated":true}]}}